{"id":352,"date":"2018-07-28T16:08:06","date_gmt":"2018-07-28T16:08:06","guid":{"rendered":"https:\/\/manufacturer.stylemixthemes.com\/industrial:8888\/?page_id=352"},"modified":"2026-03-20T17:12:14","modified_gmt":"2026-03-20T17:12:14","slug":"fertigung","status":"publish","type":"page","link":"https:\/\/qualiplast-gmbh.de\/index.php\/fertigung\/","title":{"rendered":"Fertigung"},"content":{"rendered":"\t\t<div data-elementor-type=\"wp-post\" data-elementor-id=\"352\" class=\"elementor elementor-352\">\n\t\t\t\t\t\t<section class=\"elementor-section elementor-top-section elementor-element elementor-element-fab0763 elementor-section-boxed elementor-section-height-default elementor-section-height-default\" data-id=\"fab0763\" data-element_type=\"section\" data-e-type=\"section\">\n\t\t\t\t\t\t<div class=\"elementor-container elementor-column-gap-default\">\n\t\t\t\t\t<div class=\"elementor-column elementor-col-50 elementor-top-column elementor-element elementor-element-9c22348\" data-id=\"9c22348\" data-element_type=\"column\" data-e-type=\"column\">\n\t\t\t<div class=\"elementor-widget-wrap elementor-element-populated\">\n\t\t\t\t\t\t<div class=\"elementor-element elementor-element-47890e8 elementor-widget elementor-widget-heading\" data-id=\"47890e8\" data-element_type=\"widget\" data-e-type=\"widget\" data-widget_type=\"heading.default\">\n\t\t\t\t\t<h2 class=\"elementor-heading-title elementor-size-default elementor-heading-title\">Produktion<\/h2>\t\t\t\t<\/div>\n\t\t\t\t<div class=\"elementor-element elementor-element-5e55d37 elementor-widget__width-initial elementor-widget elementor-widget-text-editor\" data-id=\"5e55d37\" data-element_type=\"widget\" data-e-type=\"widget\" data-widget_type=\"text-editor.default\">\n\t\t\t\t\t\t\t\t\t<p>Ein moderner Maschinenpark und kompetente Facharbeiter im 3-Schichtbetrieb garantieren Ihnen eine effiziente, flexible uns schnelle Fertigung von anspruchsvollen Spritzgussteilen in Klein-Mittel- und Gro\u00dfserien. Dabei kommen alle verf\u00fcgbaren Thermolasten und Elastomere wie z. B ABS, PP, PS, PA, Blends, glasverst\u00e4rkte Kunststoffe sowie Sondermaterialien wie z. B, \u00a0PEEK, Teflon, BVDF zum Einsatz. Moderne Entnahmeger\u00e4te erm\u00f6glichen uns eine vollautomatische Fertigung unseres gesamten Produktionsspektrums.<\/p>\t\t\t\t\t\t\t\t<\/div>\n\t\t\t\t\t<\/div>\n\t\t<\/div>\n\t\t\t\t<div class=\"elementor-column elementor-col-50 elementor-top-column elementor-element elementor-element-49e00fb\" data-id=\"49e00fb\" data-element_type=\"column\" data-e-type=\"column\">\n\t\t\t<div class=\"elementor-widget-wrap elementor-element-populated\">\n\t\t\t\t\t\t<div class=\"elementor-element elementor-element-ed97758 elementor-widget elementor-widget-heading\" data-id=\"ed97758\" data-element_type=\"widget\" data-e-type=\"widget\" data-widget_type=\"heading.default\">\n\t\t\t\t\t<h2 class=\"elementor-heading-title elementor-size-default elementor-heading-title\">Veredelungen &amp; Baugruppen<\/h2>\t\t\t\t<\/div>\n\t\t\t\t<div class=\"elementor-element elementor-element-7c6b7be elementor-widget elementor-widget-text-editor\" data-id=\"7c6b7be\" data-element_type=\"widget\" data-e-type=\"widget\" data-widget_type=\"text-editor.default\">\n\t\t\t\t\t\t\t\t\t<p>Die Anforderungen an Kunststoffspritzgussteile werden immer komplexer. Aus einzelnen Teilen verschiedener Werkstoffe und Formen entstehen komplexe Komponenten und Bauteile. Deshalb bieten wir unseren Kunden nach dem Produktionsprozess eine ganze Reihe von Veredlungs- und Weiterverarbeitungsoptionen an. Dazu geh\u00f6ren z.B. Ultraschallschwei\u00dfen, Spiegelschwei\u00dfen, Reibschwei\u00dfen, Montage von Baugruppen sowie Tampon- und Siebdruck.<\/p>\t\t\t\t\t\t\t\t<\/div>\n\t\t\t\t\t<\/div>\n\t\t<\/div>\n\t\t\t\t\t<\/div>\n\t\t<\/section>\n\t\t<div class=\"elementor-element elementor-element-8c8c409 e-flex e-con-boxed e-con e-parent\" data-id=\"8c8c409\" data-element_type=\"container\" data-e-type=\"container\">\n\t\t\t\t\t<div class=\"e-con-inner\">\n\t\t<div class=\"elementor-element elementor-element-174902d e-con-full e-flex e-con e-child\" data-id=\"174902d\" data-element_type=\"container\" data-e-type=\"container\">\n\t\t\t\t<div class=\"elementor-element elementor-element-8904700 elementor-widget elementor-widget-text-editor\" data-id=\"8904700\" data-element_type=\"widget\" data-e-type=\"widget\" data-widget_type=\"text-editor.default\">\n\t\t\t\t\t\t\t\t\t<p><strong>Unser Maschinenpark besteht aus:<\/strong><\/p>\t\t\t\t\t\t\t\t<\/div>\n\t\t\t\t<\/div>\n\t\t\t\t\t<\/div>\n\t\t\t\t<\/div>\n\t\t<div class=\"elementor-element elementor-element-647cdc7 e-flex e-con-boxed e-con e-parent\" data-id=\"647cdc7\" data-element_type=\"container\" data-e-type=\"container\">\n\t\t\t\t\t<div class=\"e-con-inner\">\n\t\t<div class=\"elementor-element elementor-element-9ed0532 e-con-full e-flex e-con e-child\" data-id=\"9ed0532\" data-element_type=\"container\" data-e-type=\"container\">\n\t\t\t\t<div class=\"elementor-element elementor-element-1a0cd32 elementor-widget elementor-widget-text-editor\" data-id=\"1a0cd32\" data-element_type=\"widget\" data-e-type=\"widget\" data-widget_type=\"text-editor.default\">\n\t\t\t\t\t\t\t\t\t<ul><li>30 Kunststoffspritzgussautomaten der Marken Engel, Arburg, Battenfeld, ausgestattet mit Handlings<\/li><li>Schlie\u00dfkraft von 150kn bis 3500kn<\/li><li>Spritzgewicht von 0.01 g bis zu 1,6 kg<\/li><li>Horizontale und vertikale Schlie\u00dfeinheiten<\/li><li>1K \u2013 2K Technik<\/li><\/ul>\t\t\t\t\t\t\t\t<\/div>\n\t\t\t\t<\/div>\n\t\t<div class=\"elementor-element elementor-element-66a03a2 e-con-full e-flex e-con e-child\" data-id=\"66a03a2\" data-element_type=\"container\" data-e-type=\"container\">\n\t\t\t\t<div class=\"elementor-element elementor-element-000b485 elementor-widget elementor-widget-text-editor\" data-id=\"000b485\" data-element_type=\"widget\" data-e-type=\"widget\" data-widget_type=\"text-editor.default\">\n\t\t\t\t\t\t\t\t\t<ul><li>Umspritzen von Einlegeteilen<\/li><li>Unsere Maschinen lassen sich von einfachen und komplexen Spritzgie\u00dfwerkzeugen best\u00fccken, die \u00fcber Hei\u00dfkan\u00e4le, Mehrfachkavit\u00e4ten und hydraulische Kernz\u00fcge verf\u00fcgen<\/li><li>Auftragsplanung und Auftrags\u00fcberwachung erfolgt \u00fcber die Betriebsdatenerfassung.<\/li><\/ul>\t\t\t\t\t\t\t\t<\/div>\n\t\t\t\t<\/div>\n\t\t\t\t\t<\/div>\n\t\t\t\t<\/div>\n\t\t<div class=\"elementor-element elementor-element-e376057 e-flex e-con-boxed e-con e-parent\" data-id=\"e376057\" data-element_type=\"container\" data-e-type=\"container\">\n\t\t\t\t\t<div class=\"e-con-inner\">\n\t\t\t\t<div data-over-color=\"\" data-over=\"overlay\" class=\"elementor-element elementor-element-bcc4639 elementor-widget elementor-widget-video\" data-id=\"bcc4639\" data-element_type=\"widget\" data-e-type=\"widget\" data-settings=\"{&quot;youtube_url&quot;:&quot;https:\\\/\\\/youtu.be\\\/MrEp4jkQtNY&quot;,&quot;mute&quot;:&quot;yes&quot;,&quot;autoplay&quot;:&quot;yes&quot;,&quot;loop&quot;:&quot;yes&quot;,&quot;lazy_load&quot;:&quot;yes&quot;,&quot;video_type&quot;:&quot;youtube&quot;}\" data-widget_type=\"video.default\">\n\t\t\t\t\t\t\t<div class=\"elementor-wrapper elementor-open-inline\">\n\t\t\t<div class=\"elementor-video\"><\/div>\t\t<\/div>\n\t\t\t\t\t\t<\/div>\n\t\t\t\t\t<\/div>\n\t\t\t\t<\/div>\n\t\t<div class=\"elementor-element elementor-element-f882c51 e-flex e-con-boxed e-con e-parent\" data-id=\"f882c51\" data-element_type=\"container\" data-e-type=\"container\">\n\t\t\t\t\t<div class=\"e-con-inner\">\n\t\t\t\t<div class=\"elementor-element elementor-element-be54aca elementor-widget elementor-widget-image-gallery\" data-id=\"be54aca\" data-element_type=\"widget\" data-e-type=\"widget\" data-widget_type=\"image-gallery.default\">\n\t\t\t\t\t\t\t<div class=\"elementor-image-gallery\">\n\t\t\t<div id='gallery-1' class='gallery galleryid-352 gallery-columns-4 gallery-size-manufacturer_single'><figure class='gallery-item'>\n\t\t\t<div class='gallery-icon landscape'>\n\t\t\t\t<a data-elementor-open-lightbox=\"yes\" data-elementor-lightbox-slideshow=\"be54aca\" data-elementor-lightbox-title=\"fertigung_02\" data-e-action-hash=\"#elementor-action%3Aaction%3Dlightbox%26settings%3DeyJpZCI6MjQ2NSwidXJsIjoiaHR0cHM6XC9cL3F1YWxpcGxhc3QtZ21iaC5kZVwvd3AtY29udGVudFwvdXBsb2Fkc1wvMjAyNlwvMDNcL2ZlcnRpZ3VuZ18wMi5qcGciLCJzbGlkZXNob3ciOiJiZTU0YWNhIn0%3D\" href='https:\/\/qualiplast-gmbh.de\/wp-content\/uploads\/2026\/03\/fertigung_02.jpg'><img fetchpriority=\"high\" decoding=\"async\" width=\"800\" height=\"600\" src=\"https:\/\/qualiplast-gmbh.de\/wp-content\/uploads\/2026\/03\/fertigung_02-800x600.jpg\" class=\"attachment-manufacturer_single size-manufacturer_single\" alt=\"\" \/><\/a>\n\t\t\t<\/div><\/figure><figure class='gallery-item'>\n\t\t\t<div class='gallery-icon landscape'>\n\t\t\t\t<a data-elementor-open-lightbox=\"yes\" data-elementor-lightbox-slideshow=\"be54aca\" data-elementor-lightbox-title=\"fertigung_01\" data-e-action-hash=\"#elementor-action%3Aaction%3Dlightbox%26settings%3DeyJpZCI6MjQ2NCwidXJsIjoiaHR0cHM6XC9cL3F1YWxpcGxhc3QtZ21iaC5kZVwvd3AtY29udGVudFwvdXBsb2Fkc1wvMjAyNlwvMDNcL2ZlcnRpZ3VuZ18wMS5qcGciLCJzbGlkZXNob3ciOiJiZTU0YWNhIn0%3D\" href='https:\/\/qualiplast-gmbh.de\/wp-content\/uploads\/2026\/03\/fertigung_01.jpg'><img decoding=\"async\" width=\"800\" height=\"600\" src=\"https:\/\/qualiplast-gmbh.de\/wp-content\/uploads\/2026\/03\/fertigung_01-800x600.jpg\" class=\"attachment-manufacturer_single size-manufacturer_single\" alt=\"\" \/><\/a>\n\t\t\t<\/div><\/figure><figure class='gallery-item'>\n\t\t\t<div class='gallery-icon landscape'>\n\t\t\t\t<a data-elementor-open-lightbox=\"yes\" data-elementor-lightbox-slideshow=\"be54aca\" data-elementor-lightbox-title=\"fertigung_07\" data-e-action-hash=\"#elementor-action%3Aaction%3Dlightbox%26settings%3DeyJpZCI6MjQ3MSwidXJsIjoiaHR0cHM6XC9cL3F1YWxpcGxhc3QtZ21iaC5kZVwvd3AtY29udGVudFwvdXBsb2Fkc1wvMjAyNlwvMDNcL2ZlcnRpZ3VuZ18wNy5qcGciLCJzbGlkZXNob3ciOiJiZTU0YWNhIn0%3D\" href='https:\/\/qualiplast-gmbh.de\/wp-content\/uploads\/2026\/03\/fertigung_07.jpg'><img decoding=\"async\" width=\"800\" height=\"600\" src=\"https:\/\/qualiplast-gmbh.de\/wp-content\/uploads\/2026\/03\/fertigung_07-800x600.jpg\" class=\"attachment-manufacturer_single size-manufacturer_single\" alt=\"\" \/><\/a>\n\t\t\t<\/div><\/figure><figure class='gallery-item'>\n\t\t\t<div class='gallery-icon landscape'>\n\t\t\t\t<a data-elementor-open-lightbox=\"yes\" data-elementor-lightbox-slideshow=\"be54aca\" data-elementor-lightbox-title=\"fertigung_04\" data-e-action-hash=\"#elementor-action%3Aaction%3Dlightbox%26settings%3DeyJpZCI6MjQ2NywidXJsIjoiaHR0cHM6XC9cL3F1YWxpcGxhc3QtZ21iaC5kZVwvd3AtY29udGVudFwvdXBsb2Fkc1wvMjAyNlwvMDNcL2ZlcnRpZ3VuZ18wNC5qcGciLCJzbGlkZXNob3ciOiJiZTU0YWNhIn0%3D\" href='https:\/\/qualiplast-gmbh.de\/wp-content\/uploads\/2026\/03\/fertigung_04.jpg'><img loading=\"lazy\" decoding=\"async\" width=\"800\" height=\"600\" src=\"https:\/\/qualiplast-gmbh.de\/wp-content\/uploads\/2026\/03\/fertigung_04-800x600.jpg\" class=\"attachment-manufacturer_single size-manufacturer_single\" alt=\"\" \/><\/a>\n\t\t\t<\/div><\/figure><figure class='gallery-item'>\n\t\t\t<div class='gallery-icon landscape'>\n\t\t\t\t<a data-elementor-open-lightbox=\"yes\" data-elementor-lightbox-slideshow=\"be54aca\" data-elementor-lightbox-title=\"fertigung_06\" data-e-action-hash=\"#elementor-action%3Aaction%3Dlightbox%26settings%3DeyJpZCI6MjQ2OSwidXJsIjoiaHR0cHM6XC9cL3F1YWxpcGxhc3QtZ21iaC5kZVwvd3AtY29udGVudFwvdXBsb2Fkc1wvMjAyNlwvMDNcL2ZlcnRpZ3VuZ18wNi5qcGciLCJzbGlkZXNob3ciOiJiZTU0YWNhIn0%3D\" href='https:\/\/qualiplast-gmbh.de\/wp-content\/uploads\/2026\/03\/fertigung_06.jpg'><img loading=\"lazy\" decoding=\"async\" width=\"800\" height=\"600\" src=\"https:\/\/qualiplast-gmbh.de\/wp-content\/uploads\/2026\/03\/fertigung_06-800x600.jpg\" class=\"attachment-manufacturer_single size-manufacturer_single\" alt=\"\" \/><\/a>\n\t\t\t<\/div><\/figure><figure class='gallery-item'>\n\t\t\t<div class='gallery-icon landscape'>\n\t\t\t\t<a data-elementor-open-lightbox=\"yes\" data-elementor-lightbox-slideshow=\"be54aca\" data-elementor-lightbox-title=\"schweissmaschine\" data-e-action-hash=\"#elementor-action%3Aaction%3Dlightbox%26settings%3DeyJpZCI6MjYzMSwidXJsIjoiaHR0cHM6XC9cL3F1YWxpcGxhc3QtZ21iaC5kZVwvd3AtY29udGVudFwvdXBsb2Fkc1wvMjAyNlwvMDNcL3NjaHdlaXNzbWFzY2hpbmUuanBnIiwic2xpZGVzaG93IjoiYmU1NGFjYSJ9\" href='https:\/\/qualiplast-gmbh.de\/wp-content\/uploads\/2026\/03\/schweissmaschine.jpg'><img loading=\"lazy\" decoding=\"async\" width=\"800\" height=\"600\" src=\"https:\/\/qualiplast-gmbh.de\/wp-content\/uploads\/2026\/03\/schweissmaschine-800x600.jpg\" class=\"attachment-manufacturer_single size-manufacturer_single\" alt=\"\" \/><\/a>\n\t\t\t<\/div><\/figure><figure class='gallery-item'>\n\t\t\t<div class='gallery-icon landscape'>\n\t\t\t\t<a data-elementor-open-lightbox=\"yes\" data-elementor-lightbox-slideshow=\"be54aca\" data-elementor-lightbox-title=\"fertigung_03\" data-e-action-hash=\"#elementor-action%3Aaction%3Dlightbox%26settings%3DeyJpZCI6MjQ2NiwidXJsIjoiaHR0cHM6XC9cL3F1YWxpcGxhc3QtZ21iaC5kZVwvd3AtY29udGVudFwvdXBsb2Fkc1wvMjAyNlwvMDNcL2ZlcnRpZ3VuZ18wMy5qcGciLCJzbGlkZXNob3ciOiJiZTU0YWNhIn0%3D\" href='https:\/\/qualiplast-gmbh.de\/wp-content\/uploads\/2026\/03\/fertigung_03.jpg'><img loading=\"lazy\" decoding=\"async\" width=\"800\" height=\"600\" src=\"https:\/\/qualiplast-gmbh.de\/wp-content\/uploads\/2026\/03\/fertigung_03-800x600.jpg\" class=\"attachment-manufacturer_single size-manufacturer_single\" alt=\"\" \/><\/a>\n\t\t\t<\/div><\/figure><figure class='gallery-item'>\n\t\t\t<div class='gallery-icon landscape'>\n\t\t\t\t<a data-elementor-open-lightbox=\"yes\" data-elementor-lightbox-slideshow=\"be54aca\" data-elementor-lightbox-title=\"fertigung_08\" data-e-action-hash=\"#elementor-action%3Aaction%3Dlightbox%26settings%3DeyJpZCI6MjQ3MiwidXJsIjoiaHR0cHM6XC9cL3F1YWxpcGxhc3QtZ21iaC5kZVwvd3AtY29udGVudFwvdXBsb2Fkc1wvMjAyNlwvMDNcL2ZlcnRpZ3VuZ18wOC5qcGciLCJzbGlkZXNob3ciOiJiZTU0YWNhIn0%3D\" href='https:\/\/qualiplast-gmbh.de\/wp-content\/uploads\/2026\/03\/fertigung_08.jpg'><img loading=\"lazy\" decoding=\"async\" width=\"800\" height=\"600\" src=\"https:\/\/qualiplast-gmbh.de\/wp-content\/uploads\/2026\/03\/fertigung_08-800x600.jpg\" class=\"attachment-manufacturer_single size-manufacturer_single\" alt=\"\" \/><\/a>\n\t\t\t<\/div><\/figure>\n\t\t<\/div>\n\t\t<\/div>\n\t\t\t\t\t\t<\/div>\n\t\t\t\t\t<\/div>\n\t\t\t\t<\/div>\n\t\t<div class=\"elementor-element elementor-element-582e008 e-flex e-con-boxed e-con e-parent\" data-id=\"582e008\" data-element_type=\"container\" data-e-type=\"container\">\n\t\t\t\t\t<div class=\"e-con-inner\">\n\t\t\t\t<div class=\"elementor-element elementor-element-4e8fcec elementor-widget elementor-widget-image\" data-id=\"4e8fcec\" data-element_type=\"widget\" data-e-type=\"widget\" data-widget_type=\"image.default\">\n\t\t\t\t\t\t\t\t\t\t\t\t\t\t\t<img loading=\"lazy\" decoding=\"async\" width=\"75\" height=\"75\" src=\"https:\/\/qualiplast-gmbh.de\/wp-content\/uploads\/2026\/02\/qpsingle.png\" class=\"attachment-large size-large wp-image-2308\" alt=\"\" \/>\t\t\t\t\t\t\t\t\t\t\t\t\t\t\t<\/div>\n\t\t\t\t\t<\/div>\n\t\t\t\t<\/div>\n\t\t\t\t<\/div>\n\t\t","protected":false},"excerpt":{"rendered":"<p>Produktion Ein moderner Maschinenpark und kompetente Facharbeiter im 3-Schichtbetrieb garantieren Ihnen eine effiziente, flexible uns schnelle Fertigung von&#8230;<\/p>\n","protected":false},"author":1,"featured_media":2335,"parent":0,"menu_order":0,"comment_status":"closed","ping_status":"closed","template":"elementor_header_footer","meta":{"footnotes":""},"class_list":["post-352","page","type-page","status-publish","has-post-thumbnail","hentry"],"_links":{"self":[{"href":"https:\/\/qualiplast-gmbh.de\/index.php\/wp-json\/wp\/v2\/pages\/352","targetHints":{"allow":["GET"]}}],"collection":[{"href":"https:\/\/qualiplast-gmbh.de\/index.php\/wp-json\/wp\/v2\/pages"}],"about":[{"href":"https:\/\/qualiplast-gmbh.de\/index.php\/wp-json\/wp\/v2\/types\/page"}],"author":[{"embeddable":true,"href":"https:\/\/qualiplast-gmbh.de\/index.php\/wp-json\/wp\/v2\/users\/1"}],"replies":[{"embeddable":true,"href":"https:\/\/qualiplast-gmbh.de\/index.php\/wp-json\/wp\/v2\/comments?post=352"}],"version-history":[{"count":111,"href":"https:\/\/qualiplast-gmbh.de\/index.php\/wp-json\/wp\/v2\/pages\/352\/revisions"}],"predecessor-version":[{"id":2698,"href":"https:\/\/qualiplast-gmbh.de\/index.php\/wp-json\/wp\/v2\/pages\/352\/revisions\/2698"}],"wp:featuredmedia":[{"embeddable":true,"href":"https:\/\/qualiplast-gmbh.de\/index.php\/wp-json\/wp\/v2\/media\/2335"}],"wp:attachment":[{"href":"https:\/\/qualiplast-gmbh.de\/index.php\/wp-json\/wp\/v2\/media?parent=352"}],"curies":[{"name":"wp","href":"https:\/\/api.w.org\/{rel}","templated":true}]}}