{"id":346,"date":"2018-07-28T16:07:17","date_gmt":"2018-07-28T16:07:17","guid":{"rendered":"https:\/\/manufacturer.stylemixthemes.com\/industrial:8888\/?page_id=346"},"modified":"2026-03-19T12:28:04","modified_gmt":"2026-03-19T12:28:04","slug":"unternehmen","status":"publish","type":"page","link":"https:\/\/qualiplast-gmbh.de\/index.php\/unternehmen\/","title":{"rendered":"Unternehmen"},"content":{"rendered":"\t\t<div data-elementor-type=\"wp-post\" data-elementor-id=\"346\" class=\"elementor elementor-346\">\n\t\t\t\t\t\t<section class=\"elementor-section elementor-top-section elementor-element elementor-element-10b3474 elementor-section-boxed elementor-section-height-default elementor-section-height-default\" data-id=\"10b3474\" data-element_type=\"section\" data-e-type=\"section\">\n\t\t\t\t\t\t<div class=\"elementor-container elementor-column-gap-default\">\n\t\t\t\t\t<div class=\"elementor-column elementor-col-50 elementor-top-column elementor-element elementor-element-9f7d21a elementor-invisible\" data-id=\"9f7d21a\" data-element_type=\"column\" data-e-type=\"column\" data-settings=\"{&quot;animation&quot;:&quot;fadeIn&quot;}\">\n\t\t\t<div class=\"elementor-widget-wrap elementor-element-populated\">\n\t\t\t\t\t\t<div class=\"elementor-element elementor-element-2c8a21e elementor-widget elementor-widget-image\" data-id=\"2c8a21e\" data-element_type=\"widget\" data-e-type=\"widget\" data-widget_type=\"image.default\">\n\t\t\t\t\t\t\t\t\t\t\t\t\t\t\t<img fetchpriority=\"high\" decoding=\"async\" width=\"600\" height=\"550\" src=\"https:\/\/qualiplast-gmbh.de\/wp-content\/uploads\/2026\/02\/ueberuns_bild1.jpg\" class=\"attachment-manufacturer_single size-manufacturer_single wp-image-2057\" alt=\"\" srcset=\"https:\/\/qualiplast-gmbh.de\/wp-content\/uploads\/2026\/02\/ueberuns_bild1.jpg 600w, https:\/\/qualiplast-gmbh.de\/wp-content\/uploads\/2026\/02\/ueberuns_bild1-300x275.jpg 300w, https:\/\/qualiplast-gmbh.de\/wp-content\/uploads\/2026\/02\/ueberuns_bild1-285x261.jpg 285w, https:\/\/qualiplast-gmbh.de\/wp-content\/uploads\/2026\/02\/ueberuns_bild1-150x138.jpg 150w\" sizes=\"(max-width: 600px) 100vw, 600px\" \/>\t\t\t\t\t\t\t\t\t\t\t\t\t\t\t<\/div>\n\t\t\t\t\t<\/div>\n\t\t<\/div>\n\t\t\t\t<div class=\"elementor-column elementor-col-50 elementor-top-column elementor-element elementor-element-988c61c elementor-invisible\" data-id=\"988c61c\" data-element_type=\"column\" data-e-type=\"column\" data-settings=\"{&quot;animation&quot;:&quot;fadeIn&quot;,&quot;animation_delay&quot;:200}\">\n\t\t\t<div class=\"elementor-widget-wrap elementor-element-populated\">\n\t\t\t\t\t\t<div class=\"elementor-element elementor-element-7b75cff elementor-widget elementor-widget-heading\" data-id=\"7b75cff\" data-element_type=\"widget\" data-e-type=\"widget\" data-widget_type=\"heading.default\">\n\t\t\t\t\t<h2 class=\"elementor-heading-title elementor-size-default elementor-heading-title elementor-align-after-left elementor-align-after-mobile-center elementor-align-after-tablet-left\">QualiPlast GmbH<\/h2>\t\t\t\t<\/div>\n\t\t\t\t<div class=\"elementor-element elementor-element-9cdd897 elementor-widget elementor-widget-text-editor\" data-id=\"9cdd897\" data-element_type=\"widget\" data-e-type=\"widget\" data-widget_type=\"text-editor.default\">\n\t\t\t\t\t\t\t\t\t<p>Die <strong>QualiPlast GmbH<\/strong> in St. Georgen im Schwarzwald ist Ihr kompetenter Partner im Bereich Formenbau und Kunststoffspritzguss. Die Wurzeln der QualiPlast GmbH reichen bis in das Jahr 1956 zur\u00fcck. Jahrzehntelange Erfahrung im Bereich der Kunststofftechnik und des Formenbaus bilden ein solides Wissens-Fundament und schaffen ein hervorragendes Umfeld f\u00fcr stetige Weiterentwicklungen \u2013 denn Tradition verpflichtet.<\/p><p>Unser kompetentes und motiviertes Team besteht aus 30 Mitarbeitern, die im 3-Schichtbetrieb\u00a0daf\u00fcr sorgen, dass wir allen Anforderungen gerecht werden. Das Resultat ist eine schnelle und preisg\u00fcnstige Produktion individueller W\u00fcnsche, die wir in unserem gut strukturierten Maschinenpark realisieren.\u00a0<\/p>\t\t\t\t\t\t\t\t<\/div>\n\t\t\t\t\t<\/div>\n\t\t<\/div>\n\t\t\t\t\t<\/div>\n\t\t<\/section>\n\t\t\t\t<section class=\"elementor-section elementor-top-section elementor-element elementor-element-0e8b69e elementor-reverse-mobile elementor-section-boxed elementor-section-height-default elementor-section-height-default\" data-id=\"0e8b69e\" data-element_type=\"section\" data-e-type=\"section\">\n\t\t\t\t\t\t<div class=\"elementor-container elementor-column-gap-default\">\n\t\t\t\t\t<div class=\"elementor-column elementor-col-50 elementor-top-column elementor-element elementor-element-c41126a elementor-invisible\" data-id=\"c41126a\" data-element_type=\"column\" data-e-type=\"column\" data-settings=\"{&quot;animation&quot;:&quot;fadeIn&quot;}\">\n\t\t\t<div class=\"elementor-widget-wrap elementor-element-populated\">\n\t\t\t\t\t\t<div class=\"elementor-element elementor-element-317f37d elementor-widget elementor-widget-heading\" data-id=\"317f37d\" data-element_type=\"widget\" data-e-type=\"widget\" data-widget_type=\"heading.default\">\n\t\t\t\t\t<h2 class=\"elementor-heading-title elementor-size-default elementor-heading-title elementor-align-after-left elementor-align-after-mobile-center elementor-align-after-tablet-left\">Tradition. Struktur. Qualit\u00e4t.<\/h2>\t\t\t\t<\/div>\n\t\t\t\t<div class=\"elementor-element elementor-element-fddaa89 elementor-widget elementor-widget-text-editor\" data-id=\"fddaa89\" data-element_type=\"widget\" data-e-type=\"widget\" data-widget_type=\"text-editor.default\">\n\t\t\t\t\t\t\t\t\t<p>Aufgrund unserer optimierten Firmenstruktur schaffen wir die Grundlage, durch kurze Wege und flache Hierarchien die Qualit\u00e4tsanspr\u00fcche unserer Kunden flexibel, l\u00f6sungsorientiert und kundennah umzusetzen.<\/p><p><strong>S<\/strong><b>erafin Calvo<\/b>\u00a0und <strong>G\u00f6khan Seng\u00fcl<\/strong>\u00a0&#8211; Gesch\u00e4ftsf\u00fchrer<\/p>\t\t\t\t\t\t\t\t<\/div>\n\t\t\t\t\t<\/div>\n\t\t<\/div>\n\t\t\t\t<div class=\"elementor-column elementor-col-50 elementor-top-column elementor-element elementor-element-6aa81e0 elementor-invisible\" data-id=\"6aa81e0\" data-element_type=\"column\" data-e-type=\"column\" data-settings=\"{&quot;animation&quot;:&quot;fadeIn&quot;,&quot;animation_delay&quot;:200}\">\n\t\t\t<div class=\"elementor-widget-wrap elementor-element-populated\">\n\t\t\t\t\t\t<div class=\"elementor-element elementor-element-186b353 elementor-widget elementor-widget-image\" data-id=\"186b353\" data-element_type=\"widget\" data-e-type=\"widget\" data-widget_type=\"image.default\">\n\t\t\t\t\t\t\t\t\t\t\t\t\t\t\t<img decoding=\"async\" width=\"660\" height=\"660\" src=\"https:\/\/qualiplast-gmbh.de\/wp-content\/uploads\/2026\/03\/Unternehmen_Duo01_quadratisch-660x660.jpg\" class=\"attachment-woocommerce_single size-woocommerce_single wp-image-2460\" alt=\"\" srcset=\"https:\/\/qualiplast-gmbh.de\/wp-content\/uploads\/2026\/03\/Unternehmen_Duo01_quadratisch-660x660.jpg 660w, https:\/\/qualiplast-gmbh.de\/wp-content\/uploads\/2026\/03\/Unternehmen_Duo01_quadratisch-300x300.jpg 300w, https:\/\/qualiplast-gmbh.de\/wp-content\/uploads\/2026\/03\/Unternehmen_Duo01_quadratisch-1024x1024.jpg 1024w, https:\/\/qualiplast-gmbh.de\/wp-content\/uploads\/2026\/03\/Unternehmen_Duo01_quadratisch-150x150.jpg 150w, https:\/\/qualiplast-gmbh.de\/wp-content\/uploads\/2026\/03\/Unternehmen_Duo01_quadratisch-768x768.jpg 768w, https:\/\/qualiplast-gmbh.de\/wp-content\/uploads\/2026\/03\/Unternehmen_Duo01_quadratisch-285x285.jpg 285w, https:\/\/qualiplast-gmbh.de\/wp-content\/uploads\/2026\/03\/Unternehmen_Duo01_quadratisch-270x270.jpg 270w, https:\/\/qualiplast-gmbh.de\/wp-content\/uploads\/2026\/03\/Unternehmen_Duo01_quadratisch-540x540.jpg 540w, https:\/\/qualiplast-gmbh.de\/wp-content\/uploads\/2026\/03\/Unternehmen_Duo01_quadratisch.jpg 1200w\" sizes=\"(max-width: 660px) 100vw, 660px\" \/>\t\t\t\t\t\t\t\t\t\t\t\t\t\t\t<\/div>\n\t\t\t\t\t<\/div>\n\t\t<\/div>\n\t\t\t\t\t<\/div>\n\t\t<\/section>\n\t\t\t\t<section class=\"elementor-section elementor-top-section elementor-element elementor-element-2ded6f6 elementor-section-boxed elementor-section-height-default elementor-section-height-default elementor-invisible\" data-id=\"2ded6f6\" data-element_type=\"section\" data-e-type=\"section\" data-settings=\"{&quot;animation&quot;:&quot;fadeIn&quot;}\">\n\t\t\t\t\t\t<div class=\"elementor-container elementor-column-gap-default\">\n\t\t\t\t\t<div class=\"elementor-column elementor-col-100 elementor-top-column elementor-element elementor-element-0d69e39\" data-id=\"0d69e39\" data-element_type=\"column\" data-e-type=\"column\">\n\t\t\t<div class=\"elementor-widget-wrap elementor-element-populated\">\n\t\t\t\t\t\t<div class=\"elementor-element elementor-element-60a741a elementor-widget elementor-widget-sm-timeline\" data-id=\"60a741a\" data-element_type=\"widget\" data-e-type=\"widget\" data-widget_type=\"sm-timeline.default\">\n\t\t\t\t<div class=\"elementor-widget-container\">\n\t\t\t\t\t\t\n\t\t\n\t<div class=\"man_timeline\">\n\t\t<div class=\"man_timeline_line\"><\/div>\n\t\t<div class=\"man_timeline_carousel owl-carousel\">\n\t\t\t\t\t\t<div class=\"man_timeline_item\">\n\t\t\t\t<div class=\"man_timeline_pin odd\">\n\t\t\t\t\t<span class=\"man_timeline_point\"><\/span>\n\t\t\t\t\t<span class=\"man_timeline_point_border\"><\/span>\n\t\t\t\t\t<div class=\"man_timeline_pin_title\">\n\t\t\t\t\t\t1956\t\t\t\t\t<\/div>\n\t\t\t\t\t<div class=\"man_timeline_pin_cont\">\n\t\t\t\t\t\t\n\n\t\t\t\t\t\t\t\t\t\t\t\t\t<div class=\"man_timeline_pin_cont_corner\">\n\t\t\t\t\t\t\t\t<svg\n\t\t\t\t\t\t\t\t  xmlns='http:\/\/www.w3.org\/2000\/svg'\n\t\t\t\t\t\t\t\t  viewBox='0 0 64 64'\n\t\t\t\t\t\t\t\t  width='64' height='64'\n\t\t\t\t\t\t\t\t  fill='currentcolor'>\n\t\t\t\t\t\t\t\t  <path d='M0 16 L10 16 L0 0 Z' \/>\n\t\t\t\t\t\t\t\t<\/svg>\n\t\t\t\t\t\t\t<\/div>\n\t\t\t\t\t\t\t\t\t\t\t\t\t\n\t\t\t\t\t\t\n\t\t\t\t\t\t<p>Historischer Ursprung 1956, Hebi Villingen<\/p>\t\t\t\t\t<\/div>\n\t\t\t\t<\/div>\n\t\t\t<\/div>\n\t\t\t\t\t\t<div class=\"man_timeline_item\">\n\t\t\t\t<div class=\"man_timeline_pin even\">\n\t\t\t\t\t<span class=\"man_timeline_point\"><\/span>\n\t\t\t\t\t<span class=\"man_timeline_point_border\"><\/span>\n\t\t\t\t\t<div class=\"man_timeline_pin_title\">\n\t\t\t\t\t\t2001\t\t\t\t\t<\/div>\n\t\t\t\t\t<div class=\"man_timeline_pin_cont\">\n\t\t\t\t\t\t\n\n\t\t\t\t\t\t\t\t\t\t\t\t\t<div class=\"man_timeline_pin_cont_corner man_timeline_pin_cont_corner_even\">\n\t\t\t\t\t\t\t\t<svg\n\t\t\t\t\t\t\t\t  xmlns='http:\/\/www.w3.org\/2000\/svg'\n\t\t\t\t\t\t\t\t  viewBox='0 0 64 64'\n\t\t\t\t\t\t\t\t  width='64' height='64'\n\t\t\t\t\t\t\t\t  fill='currentcolor'>\n\t\t\t\t\t\t\t\t  <path d='M0 16 L10 0 L0 0 L0 8 Z' \/>\n\t\t\t\t\t\t\t\t<\/svg>\n\t\t\t\t\t\t\t<\/div>\n\t\t\t\t\t\t\t\t\t\t\t\t\t\n\t\t\t\t\t\t\n\t\t\t\t\t\t<p>Gr\u00fcndung im Jahr 2001 durch Serafin Calvo<\/p>\t\t\t\t\t<\/div>\n\t\t\t\t<\/div>\n\t\t\t<\/div>\n\t\t\t\t\t\t<div class=\"man_timeline_item\">\n\t\t\t\t<div class=\"man_timeline_pin odd\">\n\t\t\t\t\t<span class=\"man_timeline_point\"><\/span>\n\t\t\t\t\t<span class=\"man_timeline_point_border\"><\/span>\n\t\t\t\t\t<div class=\"man_timeline_pin_title\">\n\t\t\t\t\t\t2019\t\t\t\t\t<\/div>\n\t\t\t\t\t<div class=\"man_timeline_pin_cont\">\n\t\t\t\t\t\t\n\n\t\t\t\t\t\t\t\t\t\t\t\t\t<div class=\"man_timeline_pin_cont_corner\">\n\t\t\t\t\t\t\t\t<svg\n\t\t\t\t\t\t\t\t  xmlns='http:\/\/www.w3.org\/2000\/svg'\n\t\t\t\t\t\t\t\t  viewBox='0 0 64 64'\n\t\t\t\t\t\t\t\t  width='64' height='64'\n\t\t\t\t\t\t\t\t  fill='currentcolor'>\n\t\t\t\t\t\t\t\t  <path d='M0 16 L10 16 L0 0 Z' \/>\n\t\t\t\t\t\t\t\t<\/svg>\n\t\t\t\t\t\t\t<\/div>\n\t\t\t\t\t\t\t\t\t\t\t\t\t\n\t\t\t\t\t\t\n\t\t\t\t\t\t<p>Seit 2019 G\u00f6khan Seng\u00fcl als Gesch\u00e4ftsleitung<\/p>\t\t\t\t\t<\/div>\n\t\t\t\t<\/div>\n\t\t\t<\/div>\n\t\t\t\t\t<\/div>\n\t<\/div>\n\n\t\t\t\t\t<\/div>\n\t\t\t\t<\/div>\n\t\t\t\t\t<\/div>\n\t\t<\/div>\n\t\t\t\t\t<\/div>\n\t\t<\/section>\n\t\t\t\t<section class=\"elementor-section elementor-top-section elementor-element elementor-element-fbd7258 elementor-section-boxed elementor-section-height-default elementor-section-height-default\" data-id=\"fbd7258\" data-element_type=\"section\" data-e-type=\"section\">\n\t\t\t\t\t\t<div class=\"elementor-container elementor-column-gap-default\">\n\t\t\t\t\t<div class=\"elementor-column elementor-col-100 elementor-top-column elementor-element elementor-element-a050170\" data-id=\"a050170\" data-element_type=\"column\" data-e-type=\"column\">\n\t\t\t<div class=\"elementor-widget-wrap elementor-element-populated\">\n\t\t\t\t\t\t<div class=\"elementor-element elementor-element-886132c elementor-invisible elementor-widget elementor-widget-heading\" data-id=\"886132c\" data-element_type=\"widget\" data-e-type=\"widget\" data-settings=\"{&quot;_animation&quot;:&quot;fadeIn&quot;}\" data-widget_type=\"heading.default\">\n\t\t\t\t\t<h2 class=\"elementor-heading-title elementor-size-default elementor-heading-title elementor-align-after-center\">Unser Team<\/h2>\t\t\t\t<\/div>\n\t\t\t\t<div class=\"elementor-element elementor-element-44c282b elementor-invisible elementor-widget elementor-widget-text-editor\" data-id=\"44c282b\" data-element_type=\"widget\" data-e-type=\"widget\" data-settings=\"{&quot;_animation&quot;:&quot;fadeIn&quot;}\" data-widget_type=\"text-editor.default\">\n\t\t\t\t\t\t\t\t\t<p data-start=\"227\" data-end=\"336\">Pr\u00e4zision entsteht nicht von allein \u2013 sie ist das Ergebnis von Erfahrung, Fachwissen und echter Teamarbeit.<\/p><p data-start=\"338\" data-end=\"560\">Unser engagiertes Team aus <strong>30 Mitarbeiterinnen und Mitarbeitern<\/strong> sorgt im <strong>3-Schichtbetrieb<\/strong> daf\u00fcr, dass wir <strong>h\u00f6chste Qualit\u00e4tsstandards<\/strong> zuverl\u00e4ssig einhalten und flexibel auf individuelle Kundenanforderungen reagieren k\u00f6nnen.<\/p>\t\t\t\t\t\t\t\t<\/div>\n\t\t\t\t\t<\/div>\n\t\t<\/div>\n\t\t\t\t\t<\/div>\n\t\t<\/section>\n\t\t\t\t<section class=\"elementor-section elementor-top-section elementor-element elementor-element-848b5e7 elementor-section-boxed elementor-section-height-default elementor-section-height-default\" data-id=\"848b5e7\" data-element_type=\"section\" data-e-type=\"section\">\n\t\t\t\t\t\t<div class=\"elementor-container elementor-column-gap-default\">\n\t\t\t\t\t<div class=\"elementor-column elementor-col-33 elementor-top-column elementor-element elementor-element-eb2c000 elementor-invisible\" data-id=\"eb2c000\" data-element_type=\"column\" data-e-type=\"column\" data-settings=\"{&quot;animation&quot;:&quot;fadeInUp&quot;}\">\n\t\t\t<div class=\"elementor-widget-wrap elementor-element-populated\">\n\t\t\t\t\t\t<div class=\"elementor-element elementor-element-4c0cd64 elementor-widget elementor-widget-sm-service-block\" data-id=\"4c0cd64\" data-element_type=\"widget\" data-e-type=\"widget\" data-widget_type=\"sm-service-block.default\">\n\t\t\t\t<div class=\"elementor-widget-container\">\n\t\t\t\t\t\t\t<div class=\"man_service_block \">\t\n\t\t\t<i class=\" sm_icon\"><\/i>\n\t\t\t<h4 >Kunden<\/h4>\n\t\t\t<p >Die W\u00fcnsche und Anforderungen unserer Kunden stehen jederzeit und vollumf\u00e4nglich im Fokus unserer Arbeit. Die Zufriedenheit unserer Kunden ist unser h\u00f6chstes Gut.<\/p>\n\t\t\t\t\t<\/div>\n\n\t\t\t\t\t<\/div>\n\t\t\t\t<\/div>\n\t\t\t\t\t<\/div>\n\t\t<\/div>\n\t\t\t\t<div class=\"elementor-column elementor-col-33 elementor-top-column elementor-element elementor-element-02dfad4 elementor-invisible\" data-id=\"02dfad4\" data-element_type=\"column\" data-e-type=\"column\" data-settings=\"{&quot;animation&quot;:&quot;fadeInUp&quot;,&quot;animation_delay&quot;:200}\">\n\t\t\t<div class=\"elementor-widget-wrap elementor-element-populated\">\n\t\t\t\t\t\t<div class=\"elementor-element elementor-element-89e1426 elementor-widget elementor-widget-sm-service-block\" data-id=\"89e1426\" data-element_type=\"widget\" data-e-type=\"widget\" data-widget_type=\"sm-service-block.default\">\n\t\t\t\t<div class=\"elementor-widget-container\">\n\t\t\t\t\t\t\t<div class=\"man_service_block \">\t\n\t\t\t<i class=\" sm_icon\"><\/i>\n\t\t\t<h4 >Lieferanten<\/h4>\n\t\t\t<p >Wir arbeiten mit zuverl\u00e4ssigen Lieferanten zusammen und setzen auf langfristige Kooperationen. Deshalb ist uns wichtig, dass unsere Partner unsere hohen Anspr\u00fcche und Werte teilen.<\/p>\n\t\t\t\t\t<\/div>\n\n\t\t\t\t\t<\/div>\n\t\t\t\t<\/div>\n\t\t\t\t\t<\/div>\n\t\t<\/div>\n\t\t\t\t<div class=\"elementor-column elementor-col-33 elementor-top-column elementor-element elementor-element-5562fe6 elementor-invisible\" data-id=\"5562fe6\" data-element_type=\"column\" data-e-type=\"column\" data-settings=\"{&quot;animation&quot;:&quot;fadeInUp&quot;,&quot;animation_delay&quot;:400}\">\n\t\t\t<div class=\"elementor-widget-wrap elementor-element-populated\">\n\t\t\t\t\t\t<div class=\"elementor-element elementor-element-e07d1c2 elementor-widget elementor-widget-sm-service-block\" data-id=\"e07d1c2\" data-element_type=\"widget\" data-e-type=\"widget\" data-widget_type=\"sm-service-block.default\">\n\t\t\t\t<div class=\"elementor-widget-container\">\n\t\t\t\t\t\t\t<div class=\"man_service_block \">\t\n\t\t\t<i class=\" sm_icon\"><\/i>\n\t\t\t<h4 >Mitarbeiter<\/h4>\n\t\t\t<p >Offene und verl\u00e4ssliche Kommunikation sowie die sinnvolle Delegation von Zust\u00e4ndigkeiten leiten alle Mitarbeiterinnen und Mitarbeiter zu eigenst\u00e4ndigem und zugleich verantwortungsbewusstem Handeln an.<\/p>\n\t\t\t\t\t<\/div>\n\n\t\t\t\t\t<\/div>\n\t\t\t\t<\/div>\n\t\t\t\t\t<\/div>\n\t\t<\/div>\n\t\t\t\t\t<\/div>\n\t\t<\/section>\n\t\t<div class=\"elementor-element elementor-element-436c049 e-flex e-con-boxed e-con e-parent\" data-id=\"436c049\" data-element_type=\"container\" data-e-type=\"container\">\n\t\t\t\t\t<div class=\"e-con-inner\">\n\t\t\t\t<div class=\"elementor-element elementor-element-1ec1b43 elementor-widget elementor-widget-image\" data-id=\"1ec1b43\" data-element_type=\"widget\" data-e-type=\"widget\" data-widget_type=\"image.default\">\n\t\t\t\t\t\t\t\t\t\t\t\t\t\t\t<img decoding=\"async\" width=\"75\" height=\"75\" src=\"https:\/\/qualiplast-gmbh.de\/wp-content\/uploads\/2026\/02\/qpsingle.png\" class=\"attachment-large size-large wp-image-2308\" alt=\"\" \/>\t\t\t\t\t\t\t\t\t\t\t\t\t\t\t<\/div>\n\t\t\t\t\t<\/div>\n\t\t\t\t<\/div>\n\t\t\t\t<\/div>\n\t\t","protected":false},"excerpt":{"rendered":"<p>QualiPlast GmbH Die QualiPlast GmbH in St. Georgen im Schwarzwald ist Ihr kompetenter Partner im Bereich Formenbau und&#8230;<\/p>\n","protected":false},"author":1,"featured_media":2326,"parent":0,"menu_order":0,"comment_status":"closed","ping_status":"closed","template":"elementor_header_footer","meta":{"footnotes":""},"class_list":["post-346","page","type-page","status-publish","has-post-thumbnail","hentry"],"_links":{"self":[{"href":"https:\/\/qualiplast-gmbh.de\/index.php\/wp-json\/wp\/v2\/pages\/346","targetHints":{"allow":["GET"]}}],"collection":[{"href":"https:\/\/qualiplast-gmbh.de\/index.php\/wp-json\/wp\/v2\/pages"}],"about":[{"href":"https:\/\/qualiplast-gmbh.de\/index.php\/wp-json\/wp\/v2\/types\/page"}],"author":[{"embeddable":true,"href":"https:\/\/qualiplast-gmbh.de\/index.php\/wp-json\/wp\/v2\/users\/1"}],"replies":[{"embeddable":true,"href":"https:\/\/qualiplast-gmbh.de\/index.php\/wp-json\/wp\/v2\/comments?post=346"}],"version-history":[{"count":77,"href":"https:\/\/qualiplast-gmbh.de\/index.php\/wp-json\/wp\/v2\/pages\/346\/revisions"}],"predecessor-version":[{"id":2674,"href":"https:\/\/qualiplast-gmbh.de\/index.php\/wp-json\/wp\/v2\/pages\/346\/revisions\/2674"}],"wp:featuredmedia":[{"embeddable":true,"href":"https:\/\/qualiplast-gmbh.de\/index.php\/wp-json\/wp\/v2\/media\/2326"}],"wp:attachment":[{"href":"https:\/\/qualiplast-gmbh.de\/index.php\/wp-json\/wp\/v2\/media?parent=346"}],"curies":[{"name":"wp","href":"https:\/\/api.w.org\/{rel}","templated":true}]}}