{"id":2186,"date":"2026-02-20T08:56:40","date_gmt":"2026-02-20T08:56:40","guid":{"rendered":"https:\/\/qualiplast-gmbh.de\/?page_id=2186"},"modified":"2026-03-26T10:21:27","modified_gmt":"2026-03-26T10:21:27","slug":"formenbau","status":"publish","type":"page","link":"https:\/\/qualiplast-gmbh.de\/index.php\/formenbau\/","title":{"rendered":"Formenbau"},"content":{"rendered":"\t\t<div data-elementor-type=\"wp-post\" data-elementor-id=\"2186\" class=\"elementor elementor-2186\">\n\t\t\t\t\t\t<section class=\"elementor-section elementor-top-section elementor-element elementor-element-fab0763 elementor-section-boxed elementor-section-height-default elementor-section-height-default\" data-id=\"fab0763\" data-element_type=\"section\" data-e-type=\"section\">\n\t\t\t\t\t\t<div class=\"elementor-container elementor-column-gap-default\">\n\t\t\t\t\t<div class=\"elementor-column elementor-col-50 elementor-top-column elementor-element elementor-element-9c22348\" data-id=\"9c22348\" data-element_type=\"column\" data-e-type=\"column\">\n\t\t\t<div class=\"elementor-widget-wrap elementor-element-populated\">\n\t\t\t\t\t\t<div class=\"elementor-element elementor-element-47890e8 elementor-widget elementor-widget-heading\" data-id=\"47890e8\" data-element_type=\"widget\" data-e-type=\"widget\" data-widget_type=\"heading.default\">\n\t\t\t\t\t<h2 class=\"elementor-heading-title elementor-size-default elementor-heading-title\">Werkzeuge &amp; Formen<\/h2>\t\t\t\t<\/div>\n\t\t\t\t<div class=\"elementor-element elementor-element-5e55d37 elementor-widget__width-initial elementor-widget elementor-widget-text-editor\" data-id=\"5e55d37\" data-element_type=\"widget\" data-e-type=\"widget\" data-widget_type=\"text-editor.default\">\n\t\t\t\t\t\t\t\t\t<p><span class=\"dropcap\">M<\/span>it dem Wissen um Formen sind wir der \u00dcberzeugung \u05f2Qualit\u00e4t der Produkte\u05f2 h\u00e4ngt in erster Linie von den Spritzgie\u00dfwerkzeugen ab. Gemeinsam mit unseren Werkzeugpartnern Europaweit realisieren wir zu besten Konditionen gem\u00e4\u00df den Anforderungen und Vorstellungen unserer Kunden das optimale Werkzeug. Vom ersten Entwicklungsmeeting \u00fcber die Produktion bis hin zur Auslieferung betreut aktiv ein Projektmanager unsere Kunden f\u00fcr maximale Kontrolle und Sicherheit in jedem Projektstadium.<\/p><p>Einen besonderen Augenmerk legen wir auf die Wartung und Instandhaltung der Spritzgie\u00dfwerkzeuge, deshalb werden bei uns die Werkzeuge nach jedem Produktionszyklus durchgesehen, gepflegt und fachgerecht eingelagert, sodass sie f\u00fcr den n\u00e4chsten Einsatz sofort in einwandfreiem Zustand zur Verf\u00fcgung stehen.<\/p>\t\t\t\t\t\t\t\t<\/div>\n\t\t\t\t\t<\/div>\n\t\t<\/div>\n\t\t\t\t<div class=\"elementor-column elementor-col-50 elementor-top-column elementor-element elementor-element-49e00fb\" data-id=\"49e00fb\" data-element_type=\"column\" data-e-type=\"column\">\n\t\t\t<div class=\"elementor-widget-wrap elementor-element-populated\">\n\t\t\t\t\t\t<div class=\"elementor-element elementor-element-ed97758 elementor-widget elementor-widget-heading\" data-id=\"ed97758\" data-element_type=\"widget\" data-e-type=\"widget\" data-widget_type=\"heading.default\">\n\t\t\t\t\t<h2 class=\"elementor-heading-title elementor-size-default elementor-heading-title\">CAD\/CAM Arbeitspl\u00e4tze<\/h2>\t\t\t\t<\/div>\n\t\t\t\t<div class=\"elementor-element elementor-element-7c6b7be elementor-widget elementor-widget-text-editor\" data-id=\"7c6b7be\" data-element_type=\"widget\" data-e-type=\"widget\" data-widget_type=\"text-editor.default\">\n\t\t\t\t\t\t\t\t\t<p>Cimatron, Medacat Visi<\/p>\t\t\t\t\t\t\t\t<\/div>\n\t\t\t\t<div class=\"elementor-element elementor-element-edc8a3e elementor-widget elementor-widget-heading\" data-id=\"edc8a3e\" data-element_type=\"widget\" data-e-type=\"widget\" data-widget_type=\"heading.default\">\n\t\t\t\t\t<h2 class=\"elementor-heading-title elementor-size-default elementor-heading-title\">Maschinen im Werkzeugbau<\/h2>\t\t\t\t<\/div>\n\t\t\t\t<div class=\"elementor-element elementor-element-cef475f elementor-widget elementor-widget-text-editor\" data-id=\"cef475f\" data-element_type=\"widget\" data-e-type=\"widget\" data-widget_type=\"text-editor.default\">\n\t\t\t\t\t\t\t\t\t<p>Drehmaschinen, Bohrmaschinen, Flachschleifmaschinen, Profilschleifmaschinen, HSC Exeron Fr\u00e4smaschine, Senkerodiermaschinen, Ultraschallreinigungsanlage, Sandstrahlanlage, CNC Fr\u00e4smaschine<\/p>\t\t\t\t\t\t\t\t<\/div>\n\t\t\t\t\t<\/div>\n\t\t<\/div>\n\t\t\t\t\t<\/div>\n\t\t<\/section>\n\t\t<div class=\"elementor-element elementor-element-02eb20e e-flex e-con-boxed e-con e-parent\" data-id=\"02eb20e\" data-element_type=\"container\" data-e-type=\"container\">\n\t\t\t\t\t<div class=\"e-con-inner\">\n\t\t<div class=\"elementor-element elementor-element-3e23741 e-con-full e-flex e-con e-child\" data-id=\"3e23741\" data-element_type=\"container\" data-e-type=\"container\">\n\t\t\t\t<div class=\"elementor-element elementor-element-35fb36d elementor-widget elementor-widget-image\" data-id=\"35fb36d\" data-element_type=\"widget\" data-e-type=\"widget\" data-widget_type=\"image.default\">\n\t\t\t\t\t\t\t\t\t\t\t\t\t\t\t<img fetchpriority=\"high\" decoding=\"async\" width=\"800\" height=\"600\" src=\"https:\/\/qualiplast-gmbh.de\/wp-content\/uploads\/2026\/02\/K1600_IMG_5273_-BEAR_-BEAR-800x600.png\" class=\"attachment-manufacturer_single size-manufacturer_single wp-image-1951\" alt=\"\" \/>\t\t\t\t\t\t\t\t\t\t\t\t\t\t\t<\/div>\n\t\t\t\t<\/div>\n\t\t<div class=\"elementor-element elementor-element-2609ac2 e-con-full e-flex e-con e-child\" data-id=\"2609ac2\" data-element_type=\"container\" data-e-type=\"container\">\n\t\t\t\t<div class=\"elementor-element elementor-element-b71fc30 elementor-widget elementor-widget-image\" data-id=\"b71fc30\" data-element_type=\"widget\" data-e-type=\"widget\" data-widget_type=\"image.default\">\n\t\t\t\t\t\t\t\t\t\t\t\t\t\t\t<img decoding=\"async\" width=\"800\" height=\"600\" src=\"https:\/\/qualiplast-gmbh.de\/wp-content\/uploads\/2026\/02\/header_formenbau-800x600.jpg\" class=\"attachment-manufacturer_single size-manufacturer_single wp-image-2266\" alt=\"\" \/>\t\t\t\t\t\t\t\t\t\t\t\t\t\t\t<\/div>\n\t\t\t\t<\/div>\n\t\t\t\t\t<\/div>\n\t\t\t\t<\/div>\n\t\t<div class=\"elementor-element elementor-element-dfaf1ce e-flex e-con-boxed e-con e-parent\" data-id=\"dfaf1ce\" data-element_type=\"container\" data-e-type=\"container\">\n\t\t\t\t\t<div class=\"e-con-inner\">\n\t\t<div class=\"elementor-element elementor-element-71497dc e-con-full e-flex e-con e-child\" data-id=\"71497dc\" data-element_type=\"container\" data-e-type=\"container\">\n\t\t\t\t<div class=\"elementor-element elementor-element-c9e4711 elementor-widget elementor-widget-image\" data-id=\"c9e4711\" data-element_type=\"widget\" data-e-type=\"widget\" data-widget_type=\"image.default\">\n\t\t\t\t\t\t\t\t\t\t\t\t\t\t\t<img decoding=\"async\" width=\"800\" height=\"600\" src=\"https:\/\/qualiplast-gmbh.de\/wp-content\/uploads\/2026\/02\/formenbauGalerie3-800x600.jpg\" class=\"attachment-manufacturer_single size-manufacturer_single wp-image-2285\" alt=\"\" \/>\t\t\t\t\t\t\t\t\t\t\t\t\t\t\t<\/div>\n\t\t\t\t<\/div>\n\t\t<div class=\"elementor-element elementor-element-3d7c256 e-con-full e-flex e-con e-child\" data-id=\"3d7c256\" data-element_type=\"container\" data-e-type=\"container\">\n\t\t\t\t<div class=\"elementor-element elementor-element-21ec9b0 elementor-widget elementor-widget-image\" data-id=\"21ec9b0\" data-element_type=\"widget\" data-e-type=\"widget\" data-widget_type=\"image.default\">\n\t\t\t\t\t\t\t\t\t\t\t\t\t\t\t<img loading=\"lazy\" decoding=\"async\" width=\"800\" height=\"600\" src=\"https:\/\/qualiplast-gmbh.de\/wp-content\/uploads\/2026\/02\/formenbauGalerie2-800x600.jpg\" class=\"attachment-manufacturer_single size-manufacturer_single wp-image-2284\" alt=\"\" srcset=\"https:\/\/qualiplast-gmbh.de\/wp-content\/uploads\/2026\/02\/formenbauGalerie2-800x600.jpg 800w, https:\/\/qualiplast-gmbh.de\/wp-content\/uploads\/2026\/02\/formenbauGalerie2-300x225.jpg 300w, https:\/\/qualiplast-gmbh.de\/wp-content\/uploads\/2026\/02\/formenbauGalerie2-1024x768.jpg 1024w, https:\/\/qualiplast-gmbh.de\/wp-content\/uploads\/2026\/02\/formenbauGalerie2-768x576.jpg 768w, https:\/\/qualiplast-gmbh.de\/wp-content\/uploads\/2026\/02\/formenbauGalerie2-285x214.jpg 285w, https:\/\/qualiplast-gmbh.de\/wp-content\/uploads\/2026\/02\/formenbauGalerie2-660x495.jpg 660w, https:\/\/qualiplast-gmbh.de\/wp-content\/uploads\/2026\/02\/formenbauGalerie2-150x113.jpg 150w, https:\/\/qualiplast-gmbh.de\/wp-content\/uploads\/2026\/02\/formenbauGalerie2.jpg 1200w\" sizes=\"(max-width: 800px) 100vw, 800px\" \/>\t\t\t\t\t\t\t\t\t\t\t\t\t\t\t<\/div>\n\t\t\t\t<\/div>\n\t\t\t\t\t<\/div>\n\t\t\t\t<\/div>\n\t\t<div class=\"elementor-element elementor-element-e67d31b e-flex e-con-boxed e-con e-parent\" data-id=\"e67d31b\" data-element_type=\"container\" data-e-type=\"container\">\n\t\t\t\t\t<div class=\"e-con-inner\">\n\t\t\t\t<div class=\"elementor-element elementor-element-12ca862 elementor-widget elementor-widget-heading\" data-id=\"12ca862\" data-element_type=\"widget\" data-e-type=\"widget\" data-widget_type=\"heading.default\">\n\t\t\t\t\t<h4 class=\"elementor-heading-title elementor-size-default elementor-heading-title\">Sicherheits- und brandschutzgerechtes Werkzeuglager<\/h4>\t\t\t\t<\/div>\n\t\t\t\t\t<\/div>\n\t\t\t\t<\/div>\n\t\t<div class=\"elementor-element elementor-element-823b1ea e-flex e-con-boxed e-con e-parent\" data-id=\"823b1ea\" data-element_type=\"container\" data-e-type=\"container\">\n\t\t\t\t\t<div class=\"e-con-inner\">\n\t\t\t\t<div class=\"elementor-element elementor-element-c0239c6 elementor-widget elementor-widget-image\" data-id=\"c0239c6\" data-element_type=\"widget\" data-e-type=\"widget\" data-widget_type=\"image.default\">\n\t\t\t\t\t\t\t\t\t\t\t\t\t\t\t<img loading=\"lazy\" decoding=\"async\" width=\"1920\" height=\"822\" src=\"https:\/\/qualiplast-gmbh.de\/wp-content\/uploads\/2026\/02\/formenbauGalerie.jpg\" class=\"attachment-full size-full wp-image-2271\" alt=\"\" srcset=\"https:\/\/qualiplast-gmbh.de\/wp-content\/uploads\/2026\/02\/formenbauGalerie.jpg 1920w, https:\/\/qualiplast-gmbh.de\/wp-content\/uploads\/2026\/02\/formenbauGalerie-300x128.jpg 300w, https:\/\/qualiplast-gmbh.de\/wp-content\/uploads\/2026\/02\/formenbauGalerie-1024x438.jpg 1024w, https:\/\/qualiplast-gmbh.de\/wp-content\/uploads\/2026\/02\/formenbauGalerie-768x329.jpg 768w, https:\/\/qualiplast-gmbh.de\/wp-content\/uploads\/2026\/02\/formenbauGalerie-1536x658.jpg 1536w, https:\/\/qualiplast-gmbh.de\/wp-content\/uploads\/2026\/02\/formenbauGalerie-285x122.jpg 285w, https:\/\/qualiplast-gmbh.de\/wp-content\/uploads\/2026\/02\/formenbauGalerie-1600x685.jpg 1600w, https:\/\/qualiplast-gmbh.de\/wp-content\/uploads\/2026\/02\/formenbauGalerie-660x283.jpg 660w, https:\/\/qualiplast-gmbh.de\/wp-content\/uploads\/2026\/02\/formenbauGalerie-150x64.jpg 150w\" sizes=\"(max-width: 1920px) 100vw, 1920px\" \/>\t\t\t\t\t\t\t\t\t\t\t\t\t\t\t<\/div>\n\t\t\t\t\t<\/div>\n\t\t\t\t<\/div>\n\t\t<div class=\"elementor-element elementor-element-3b58d31 e-flex e-con-boxed e-con e-parent\" data-id=\"3b58d31\" data-element_type=\"container\" data-e-type=\"container\">\n\t\t\t\t\t<div class=\"e-con-inner\">\n\t\t\t\t<div class=\"elementor-element elementor-element-221a2b5 elementor-widget elementor-widget-image\" data-id=\"221a2b5\" data-element_type=\"widget\" data-e-type=\"widget\" data-widget_type=\"image.default\">\n\t\t\t\t\t\t\t\t\t\t\t\t\t\t\t<img loading=\"lazy\" decoding=\"async\" width=\"75\" height=\"75\" src=\"https:\/\/qualiplast-gmbh.de\/wp-content\/uploads\/2026\/02\/qpsingle.png\" class=\"attachment-large size-large wp-image-2308\" alt=\"\" \/>\t\t\t\t\t\t\t\t\t\t\t\t\t\t\t<\/div>\n\t\t\t\t\t<\/div>\n\t\t\t\t<\/div>\n\t\t\t\t<\/div>\n\t\t","protected":false},"excerpt":{"rendered":"<p>Werkzeuge &amp; Formen Mit dem Wissen um Formen sind wir der \u00dcberzeugung \u05f2Qualit\u00e4t der Produkte\u05f2 h\u00e4ngt in erster&#8230;<\/p>\n","protected":false},"author":1,"featured_media":2259,"parent":0,"menu_order":0,"comment_status":"closed","ping_status":"closed","template":"elementor_header_footer","meta":{"footnotes":""},"class_list":["post-2186","page","type-page","status-publish","has-post-thumbnail","hentry"],"_links":{"self":[{"href":"https:\/\/qualiplast-gmbh.de\/index.php\/wp-json\/wp\/v2\/pages\/2186","targetHints":{"allow":["GET"]}}],"collection":[{"href":"https:\/\/qualiplast-gmbh.de\/index.php\/wp-json\/wp\/v2\/pages"}],"about":[{"href":"https:\/\/qualiplast-gmbh.de\/index.php\/wp-json\/wp\/v2\/types\/page"}],"author":[{"embeddable":true,"href":"https:\/\/qualiplast-gmbh.de\/index.php\/wp-json\/wp\/v2\/users\/1"}],"replies":[{"embeddable":true,"href":"https:\/\/qualiplast-gmbh.de\/index.php\/wp-json\/wp\/v2\/comments?post=2186"}],"version-history":[{"count":52,"href":"https:\/\/qualiplast-gmbh.de\/index.php\/wp-json\/wp\/v2\/pages\/2186\/revisions"}],"predecessor-version":[{"id":2711,"href":"https:\/\/qualiplast-gmbh.de\/index.php\/wp-json\/wp\/v2\/pages\/2186\/revisions\/2711"}],"wp:featuredmedia":[{"embeddable":true,"href":"https:\/\/qualiplast-gmbh.de\/index.php\/wp-json\/wp\/v2\/media\/2259"}],"wp:attachment":[{"href":"https:\/\/qualiplast-gmbh.de\/index.php\/wp-json\/wp\/v2\/media?parent=2186"}],"curies":[{"name":"wp","href":"https:\/\/api.w.org\/{rel}","templated":true}]}}