{"id":2181,"date":"2026-02-20T08:53:08","date_gmt":"2026-02-20T08:53:08","guid":{"rendered":"https:\/\/qualiplast-gmbh.de\/?page_id=2181"},"modified":"2026-03-26T10:27:33","modified_gmt":"2026-03-26T10:27:33","slug":"qualitaet","status":"publish","type":"page","link":"https:\/\/qualiplast-gmbh.de\/index.php\/qualitaet\/","title":{"rendered":"Qualit\u00e4t"},"content":{"rendered":"\t\t<div data-elementor-type=\"wp-post\" data-elementor-id=\"2181\" class=\"elementor elementor-2181\">\n\t\t\t\t\t\t<section class=\"elementor-section elementor-top-section elementor-element elementor-element-fab0763 elementor-section-boxed elementor-section-height-default elementor-section-height-default\" data-id=\"fab0763\" data-element_type=\"section\" data-e-type=\"section\">\n\t\t\t\t\t\t<div class=\"elementor-container elementor-column-gap-default\">\n\t\t\t\t\t<div class=\"elementor-column elementor-col-50 elementor-top-column elementor-element elementor-element-9c22348\" data-id=\"9c22348\" data-element_type=\"column\" data-e-type=\"column\">\n\t\t\t<div class=\"elementor-widget-wrap elementor-element-populated\">\n\t\t\t\t\t\t<div class=\"elementor-element elementor-element-47890e8 elementor-widget elementor-widget-heading\" data-id=\"47890e8\" data-element_type=\"widget\" data-e-type=\"widget\" data-widget_type=\"heading.default\">\n\t\t\t\t\t<h2 class=\"elementor-heading-title elementor-size-default elementor-heading-title\">Qualit\u00e4tssicherung<\/h2>\t\t\t\t<\/div>\n\t\t\t\t<div class=\"elementor-element elementor-element-5e55d37 elementor-widget__width-initial elementor-widget elementor-widget-text-editor\" data-id=\"5e55d37\" data-element_type=\"widget\" data-e-type=\"widget\" data-widget_type=\"text-editor.default\">\n\t\t\t\t\t\t\t\t\t<p><span class=\"dropcap\">E<\/span>in umfangreicher Qualit\u00e4t-Freigabeprozess bei Auftragsstart, eine kontinuierliche Werkerselbstpr\u00fcfung w\u00e4hrend der gesamten Produktion sowie eine regelm\u00e4\u00dfige Stichprobenkontrolle durch unsere Qualit\u00e4tssicherung garantieren eine Fertigung in gleichbleibender, hoher Qualit\u00e4t. Gemeinsam abgestimmte Kundenfreigabemuster, regelm\u00e4\u00dfige Produktionsr\u00fcckstellmuster, sowie eine strukturierte Dokumentation runden das Konzept der Qualit\u00e4tssicherung ab und unterst\u00fctzen unsere Produktion bei der Erf\u00fcllung aller Kundenanforderungen.<\/p>\t\t\t\t\t\t\t\t<\/div>\n\t\t\t\t\t<\/div>\n\t\t<\/div>\n\t\t\t\t<div class=\"elementor-column elementor-col-50 elementor-top-column elementor-element elementor-element-49e00fb\" data-id=\"49e00fb\" data-element_type=\"column\" data-e-type=\"column\">\n\t\t\t<div class=\"elementor-widget-wrap elementor-element-populated\">\n\t\t\t\t\t\t<div class=\"elementor-element elementor-element-ed97758 elementor-widget elementor-widget-heading\" data-id=\"ed97758\" data-element_type=\"widget\" data-e-type=\"widget\" data-widget_type=\"heading.default\">\n\t\t\t\t\t<h2 class=\"elementor-heading-title elementor-size-default elementor-heading-title\">Zertifizierung<\/h2>\t\t\t\t<\/div>\n\t\t\t\t<div class=\"elementor-element elementor-element-7c6b7be elementor-widget elementor-widget-text-editor\" data-id=\"7c6b7be\" data-element_type=\"widget\" data-e-type=\"widget\" data-widget_type=\"text-editor.default\">\n\t\t\t\t\t\t\t\t\t<p>Wir sind zertifiziert nach <b>DIN EN ISO 9001:2008<\/b><\/p><p>Wir entwickeln unser Qualit\u00e4tsmanagementsystem stetig weiter. Gemeinsam mit unseren Kunden, Lieferanten und unseren Mitarbeitern.<\/p><p><b>Die Ausstattung unserer Qualit\u00e4tssicherung umfasst:<\/b><br \/>&#8211; 3D CNC gesteuerte Koordinatenmessmaschine<br \/>&#8211; CAQ-System mit Schnittstelle zum ERP und BDE-System<br \/>&#8211; Restfeuchtmessger\u00e4t<br \/>&#8211; Farbmessger\u00e4t<br \/>&#8211; Rauhigkeitsmessger\u00e4t<br \/>&#8211; Diverse unterschiedliche Handmess- und Pr\u00fcfhilfsmittel<\/p>\t\t\t\t\t\t\t\t<\/div>\n\t\t\t\t\t<\/div>\n\t\t<\/div>\n\t\t\t\t\t<\/div>\n\t\t<\/section>\n\t\t<div class=\"elementor-element elementor-element-7339c6d e-flex e-con-boxed e-con e-parent\" data-id=\"7339c6d\" data-element_type=\"container\" data-e-type=\"container\">\n\t\t\t\t\t<div class=\"e-con-inner\">\n\t\t<div class=\"elementor-element elementor-element-f26c74e e-con-full e-flex e-con e-child\" data-id=\"f26c74e\" data-element_type=\"container\" data-e-type=\"container\">\n\t\t\t\t<div class=\"elementor-element elementor-element-101105b elementor-position-inline-start elementor-view-default elementor-mobile-position-block-start elementor-widget elementor-widget-icon-box\" data-id=\"101105b\" data-element_type=\"widget\" data-e-type=\"widget\" data-widget_type=\"icon-box.default\">\n\t\t\t\t\t\t\t<div class=\"elementor-icon-box-wrapper\">\n\n\t\t\t\t\t\t<div class=\"elementor-icon-box-icon\">\n\t\t\t\t<a href=\"https:\/\/qualiplast-gmbh.de\/wp-content\/uploads\/2026\/03\/2018-02-01_Zertifikat-9001_deutsch.pdf\" class=\"elementor-icon\" tabindex=\"-1\" aria-label=\"ISO: 9001:2025 Zertifizierung\">\n\t\t\t\t<svg xmlns=\"http:\/\/www.w3.org\/2000\/svg\" width=\"72\" height=\"72\" viewBox=\"0 0 72 72\" fill=\"none\"><path d=\"M15 5C11.6862 5 9 7.7 9 11V35V47V65C9 68.3 11.6862 71 15 71H57C60.315 71 63 68.3 63 65V47V35V23L45 5H15Z\" fill=\"#C0392B\"><\/path><path d=\"M15 1C11.6862 1 9 3.7 9 7V62C9 65.3 11.6862 68 15 68H57C60.315 68 63 65.3 63 62C63 47.6667 63 33.3333 63 19L45 1H15Z\" fill=\"#E74C3C\"><\/path><path d=\"M63 19L45 1V13C45 16.3 47.685 19 51 19H63Z\" fill=\"#C0392B\"><\/path><path d=\"M57.336 32H56.466C56.196 32.3 54.663 34.4 54 35C53.82 35.3 53.55 35.5999 53.397 35.5999C51.168 38.2999 46.428 42.8001 43.584 45.2001C43.212 45.5001 42.852 45.7999 42.786 45.7999C42.588 46.0999 40.692 47.2998 39.84 47.8998C37.125 49.6998 33.939 51.1999 31.464 51.7999C26.5797 52.9999 22.7688 52.6999 17.8212 50.2999C16.326 49.6999 14.1957 48.4999 13.0278 47.5999C11.8818 46.6999 12.0027 46.7001 12.0045 48.2001V49.7001L12.7779 50C13.77 50.6 15.9114 51.7998 17.3076 52.3998C18.3714 52.9998 18.7029 53.2999 18.1077 53.2999C17.5593 52.9999 14.4471 52.9999 13.2513 53.2999H12.0513C12.0237 53.2999 12.0012 53.9 12.0012 54.5V55.7001H12.4011C14.1219 55.1001 17.8152 55.0998 19.5345 55.3998C21.5589 55.6998 22.9833 55.9998 24.6942 56.8998C27.9585 58.3998 30.666 61.3998 31.845 64.3998L32.085 65H33.405H34.725L34.653 64.7001C34.23 62.9001 33.042 60.7999 31.572 59.2999C30.606 58.0999 28.8999 56.8999 28.2276 56.2999H28.0008C27.8916 55.9999 26.7513 55.3998 26.2641 55.3998C25.9869 55.0998 25.761 55.0999 25.761 55.0999C25.761 54.7999 25.971 54.7999 26.2275 55.0999C26.868 55.0999 29.4474 54.8 30.615 54.5C33.849 53.9 36.909 52.6998 40.002 50.8998C41.112 50.2998 43.632 48.1999 44.64 47.5999C45.39 46.6999 45.63 46.7 45.324 47C45.216 47.3 45.009 47.5998 44.859 47.8998C44.712 48.1998 44.454 48.4999 44.289 48.7999C41.955 52.3999 40.458 56.9 40.053 62C39.996 62.9 39.948 63.7999 39.948 64.0999V65H46.944H53.94L53.712 64.7001C52.452 62.9001 50.889 58.9999 50.364 56.2999C49.932 54.1999 49.803 50.8999 50.073 49.0999C50.859 44.2999 53.538 40.0998 58.14 37.3998C58.614 37.0998 59.226 36.8 59.499 36.5L60 36.2001V35.2999C60 34.6999 59.964 34.0999 59.919 34.0999C58.827 34.6999 56.397 36.1999 55.281 36.7999C54.684 37.3999 54.648 37.3999 55.209 36.7999C56.013 35.8999 57.399 34.3999 58.872 32.5999L59.559 32H58.056H57.336Z\" fill=\"#ECF0F1\"><\/path><\/svg>\t\t\t\t<\/a>\n\t\t\t<\/div>\n\t\t\t\n\t\t\t\t\t\t<div class=\"elementor-icon-box-content\">\n\n\t\t\t\t\t\t\t\t\t<div class=\"elementor-icon-box-title\">\n\t\t\t\t\t\t<a href=\"https:\/\/qualiplast-gmbh.de\/wp-content\/uploads\/2026\/03\/2018-02-01_Zertifikat-9001_deutsch.pdf\" >\n\t\t\t\t\t\t\tISO: 9001:2025 Zertifizierung\t\t\t\t\t\t<\/a>\n\t\t\t\t\t<\/div>\n\t\t\t\t\n\t\t\t\t\t\t\t\t\t<p class=\"elementor-icon-box-description\">\n\t\t\t\t\t\tPDF, 360KB\t\t\t\t\t<\/p>\n\t\t\t\t\n\t\t\t<\/div>\n\t\t\t\n\t\t<\/div>\n\t\t\t\t\t\t<\/div>\n\t\t\t\t<div class=\"elementor-element elementor-element-9194bbb elementor-position-inline-start elementor-view-default elementor-mobile-position-block-start elementor-widget elementor-widget-icon-box\" data-id=\"9194bbb\" data-element_type=\"widget\" data-e-type=\"widget\" data-widget_type=\"icon-box.default\">\n\t\t\t\t\t\t\t<div class=\"elementor-icon-box-wrapper\">\n\n\t\t\t\t\t\t<div class=\"elementor-icon-box-icon\">\n\t\t\t\t<a href=\"https:\/\/qualiplast-gmbh.de\/wp-content\/uploads\/2026\/03\/2018-02-01_Zertifikat-9001_englisch.pdf\" class=\"elementor-icon\" tabindex=\"-1\" aria-label=\"ISO 9001:2025 International Certificate\">\n\t\t\t\t<svg xmlns=\"http:\/\/www.w3.org\/2000\/svg\" width=\"72\" height=\"72\" viewBox=\"0 0 72 72\" fill=\"none\"><path d=\"M15 5C11.6862 5 9 7.7 9 11V35V47V65C9 68.3 11.6862 71 15 71H57C60.315 71 63 68.3 63 65V47V35V23L45 5H15Z\" fill=\"#C0392B\"><\/path><path d=\"M15 1C11.6862 1 9 3.7 9 7V62C9 65.3 11.6862 68 15 68H57C60.315 68 63 65.3 63 62C63 47.6667 63 33.3333 63 19L45 1H15Z\" fill=\"#E74C3C\"><\/path><path d=\"M63 19L45 1V13C45 16.3 47.685 19 51 19H63Z\" fill=\"#C0392B\"><\/path><path d=\"M57.336 32H56.466C56.196 32.3 54.663 34.4 54 35C53.82 35.3 53.55 35.5999 53.397 35.5999C51.168 38.2999 46.428 42.8001 43.584 45.2001C43.212 45.5001 42.852 45.7999 42.786 45.7999C42.588 46.0999 40.692 47.2998 39.84 47.8998C37.125 49.6998 33.939 51.1999 31.464 51.7999C26.5797 52.9999 22.7688 52.6999 17.8212 50.2999C16.326 49.6999 14.1957 48.4999 13.0278 47.5999C11.8818 46.6999 12.0027 46.7001 12.0045 48.2001V49.7001L12.7779 50C13.77 50.6 15.9114 51.7998 17.3076 52.3998C18.3714 52.9998 18.7029 53.2999 18.1077 53.2999C17.5593 52.9999 14.4471 52.9999 13.2513 53.2999H12.0513C12.0237 53.2999 12.0012 53.9 12.0012 54.5V55.7001H12.4011C14.1219 55.1001 17.8152 55.0998 19.5345 55.3998C21.5589 55.6998 22.9833 55.9998 24.6942 56.8998C27.9585 58.3998 30.666 61.3998 31.845 64.3998L32.085 65H33.405H34.725L34.653 64.7001C34.23 62.9001 33.042 60.7999 31.572 59.2999C30.606 58.0999 28.8999 56.8999 28.2276 56.2999H28.0008C27.8916 55.9999 26.7513 55.3998 26.2641 55.3998C25.9869 55.0998 25.761 55.0999 25.761 55.0999C25.761 54.7999 25.971 54.7999 26.2275 55.0999C26.868 55.0999 29.4474 54.8 30.615 54.5C33.849 53.9 36.909 52.6998 40.002 50.8998C41.112 50.2998 43.632 48.1999 44.64 47.5999C45.39 46.6999 45.63 46.7 45.324 47C45.216 47.3 45.009 47.5998 44.859 47.8998C44.712 48.1998 44.454 48.4999 44.289 48.7999C41.955 52.3999 40.458 56.9 40.053 62C39.996 62.9 39.948 63.7999 39.948 64.0999V65H46.944H53.94L53.712 64.7001C52.452 62.9001 50.889 58.9999 50.364 56.2999C49.932 54.1999 49.803 50.8999 50.073 49.0999C50.859 44.2999 53.538 40.0998 58.14 37.3998C58.614 37.0998 59.226 36.8 59.499 36.5L60 36.2001V35.2999C60 34.6999 59.964 34.0999 59.919 34.0999C58.827 34.6999 56.397 36.1999 55.281 36.7999C54.684 37.3999 54.648 37.3999 55.209 36.7999C56.013 35.8999 57.399 34.3999 58.872 32.5999L59.559 32H58.056H57.336Z\" fill=\"#ECF0F1\"><\/path><\/svg>\t\t\t\t<\/a>\n\t\t\t<\/div>\n\t\t\t\n\t\t\t\t\t\t<div class=\"elementor-icon-box-content\">\n\n\t\t\t\t\t\t\t\t\t<div class=\"elementor-icon-box-title\">\n\t\t\t\t\t\t<a href=\"https:\/\/qualiplast-gmbh.de\/wp-content\/uploads\/2026\/03\/2018-02-01_Zertifikat-9001_englisch.pdf\" >\n\t\t\t\t\t\t\tISO 9001:2025 International Certificate\t\t\t\t\t\t<\/a>\n\t\t\t\t\t<\/div>\n\t\t\t\t\n\t\t\t\t\t\t\t\t\t<p class=\"elementor-icon-box-description\">\n\t\t\t\t\t\tPDF, 360KB\t\t\t\t\t<\/p>\n\t\t\t\t\n\t\t\t<\/div>\n\t\t\t\n\t\t<\/div>\n\t\t\t\t\t\t<\/div>\n\t\t\t\t<\/div>\n\t\t\t\t\t<\/div>\n\t\t\t\t<\/div>\n\t\t<div class=\"elementor-element elementor-element-a3af298 e-flex e-con-boxed e-con e-parent\" data-id=\"a3af298\" data-element_type=\"container\" data-e-type=\"container\">\n\t\t\t\t\t<div class=\"e-con-inner\">\n\t\t\t\t<div class=\"elementor-element elementor-element-4feafbd elementor-widget elementor-widget-image\" data-id=\"4feafbd\" data-element_type=\"widget\" data-e-type=\"widget\" data-widget_type=\"image.default\">\n\t\t\t\t\t\t\t\t\t\t\t\t\t\t\t<img decoding=\"async\" width=\"75\" height=\"75\" src=\"https:\/\/qualiplast-gmbh.de\/wp-content\/uploads\/2026\/02\/qpsingle.png\" class=\"attachment-large size-large wp-image-2308\" alt=\"\" \/>\t\t\t\t\t\t\t\t\t\t\t\t\t\t\t<\/div>\n\t\t\t\t\t<\/div>\n\t\t\t\t<\/div>\n\t\t\t\t<\/div>\n\t\t","protected":false},"excerpt":{"rendered":"<p>Qualit\u00e4tssicherung Ein umfangreicher Qualit\u00e4t-Freigabeprozess bei Auftragsstart, eine kontinuierliche Werkerselbstpr\u00fcfung w\u00e4hrend der gesamten Produktion sowie eine regelm\u00e4\u00dfige Stichprobenkontrolle durch&#8230;<\/p>\n","protected":false},"author":1,"featured_media":1909,"parent":0,"menu_order":0,"comment_status":"closed","ping_status":"closed","template":"elementor_header_footer","meta":{"footnotes":""},"class_list":["post-2181","page","type-page","status-publish","has-post-thumbnail","hentry"],"_links":{"self":[{"href":"https:\/\/qualiplast-gmbh.de\/index.php\/wp-json\/wp\/v2\/pages\/2181","targetHints":{"allow":["GET"]}}],"collection":[{"href":"https:\/\/qualiplast-gmbh.de\/index.php\/wp-json\/wp\/v2\/pages"}],"about":[{"href":"https:\/\/qualiplast-gmbh.de\/index.php\/wp-json\/wp\/v2\/types\/page"}],"author":[{"embeddable":true,"href":"https:\/\/qualiplast-gmbh.de\/index.php\/wp-json\/wp\/v2\/users\/1"}],"replies":[{"embeddable":true,"href":"https:\/\/qualiplast-gmbh.de\/index.php\/wp-json\/wp\/v2\/comments?post=2181"}],"version-history":[{"count":40,"href":"https:\/\/qualiplast-gmbh.de\/index.php\/wp-json\/wp\/v2\/pages\/2181\/revisions"}],"predecessor-version":[{"id":2715,"href":"https:\/\/qualiplast-gmbh.de\/index.php\/wp-json\/wp\/v2\/pages\/2181\/revisions\/2715"}],"wp:featuredmedia":[{"embeddable":true,"href":"https:\/\/qualiplast-gmbh.de\/index.php\/wp-json\/wp\/v2\/media\/1909"}],"wp:attachment":[{"href":"https:\/\/qualiplast-gmbh.de\/index.php\/wp-json\/wp\/v2\/media?parent=2181"}],"curies":[{"name":"wp","href":"https:\/\/api.w.org\/{rel}","templated":true}]}}